{"id":22,"date":"2015-02-14T19:56:42","date_gmt":"2015-02-14T18:56:42","guid":{"rendered":"http:\/\/muegro-gmbh.de\/?page_id=22"},"modified":"2016-12-07T20:57:44","modified_gmt":"2016-12-07T19:57:44","slug":"produkte","status":"publish","type":"page","link":"https:\/\/www.muegro-gmbh.de\/","title":{"rendered":"Produkte"},"content":{"rendered":"<p><img loading=\"lazy\" decoding=\"async\" class=\"so-widget-image\" style=\"max-width: 100%; height: auto;\" src=\"http:\/\/www.muegro-gmbh.de\/wp-content\/uploads\/img_prdct3.jpg\" width=\"1080\" height=\"484\" \/><\/p>\n<p>&nbsp;<\/p>\n<p>Sie bieten Ihren G\u00e4sten gerne frische und herzhafte Mahlzeiten an? Dann sind Sie bei uns richtig, denn wir versorgen unsere Kunden t\u00e4glich mit frischen aber auch fertigen Produkten und allem, was Sie in der K\u00fcche ben\u00f6tigen, um ein Maximum an Zufriedenheit zu garantieren. Unser Lebensmittel-Gro\u00dfhandel bietet Ihnen mehr als 2500 Artikel aus folgenden Warenbereichen:<\/p>\n<p><strong>Food:<\/strong><\/p>\n<ul>\n<li>Feinkost<\/li>\n<li>Gew\u00fcrze<\/li>\n<li>Getr\u00e4nke<\/li>\n<li>Gem\u00fcse- und Obstkonserven<\/li>\n<li>Wurstwaren<\/li>\n<li>Molkereiprodukte<\/li>\n<li>\u00d6le und Fette<\/li>\n<li>Trockensortiment<\/li>\n<\/ul>\n<p><strong>Non-Food:<\/strong><\/p>\n<ul class=\"clearfix\">\n<li>Einweggeschirr<\/li>\n<li>Reinigungsmittel<\/li>\n<li>Hygieneartikel<\/li>\n<\/ul>\n<p>&nbsp;<\/p>\n<p><span style=\"color: black; font-family: Verdana; font-size: small;\">\u00a0<\/span><\/p>\n<h2>Hochwertige Produkte in Ihrer N\u00e4he<\/h2>\n<p>Als erfahrener Lebensmittel-Gro\u00dfhandel k\u00f6nnen wir daf\u00fcr garantieren, dass nur hochwertige Produkte den Weg in Ihre Regale finden. Durch ein sorgf\u00e4ltig ausgew\u00e4hltes Sortiment bieten wir Ihnen bestm\u00f6gliche Qualit\u00e4t.<\/p>\n<h3>Individualit\u00e4t!<\/h3>\n<p>Gerne gehen wir pers\u00f6nlich auf Ihre W\u00fcnsche ein und finden f\u00fcr Sie das passende Produkt. <a title=\"Kontakt\" href=\"http:\/\/www.muegro-gmbh.de\/?page_id=24\">Kontaktieren<\/a> Sie uns einfach!<\/p>\n","protected":false},"excerpt":{"rendered":"<p>&nbsp; Sie bieten Ihren G\u00e4sten gerne frische und herzhafte Mahlzeiten an? Dann sind Sie bei uns richtig, denn wir versorgen unsere Kunden t\u00e4glich mit frischen aber auch fertigen Produkten und allem, was Sie in der K\u00fcche ben\u00f6tigen, um ein Maximum an Zufriedenheit zu garantieren. Unser Lebensmittel-Gro\u00dfhandel bietet Ihnen mehr als 2500 Artikel aus folgenden Warenbereichen: [&hellip;]<\/p>\n","protected":false},"author":1,"featured_media":0,"parent":0,"menu_order":4,"comment_status":"closed","ping_status":"closed","template":"","meta":{"footnotes":""},"class_list":["post-22","page","type-page","status-publish","hentry","post"],"_links":{"self":[{"href":"https:\/\/www.muegro-gmbh.de\/index.php?rest_route=\/wp\/v2\/pages\/22","targetHints":{"allow":["GET"]}}],"collection":[{"href":"https:\/\/www.muegro-gmbh.de\/index.php?rest_route=\/wp\/v2\/pages"}],"about":[{"href":"https:\/\/www.muegro-gmbh.de\/index.php?rest_route=\/wp\/v2\/types\/page"}],"author":[{"embeddable":true,"href":"https:\/\/www.muegro-gmbh.de\/index.php?rest_route=\/wp\/v2\/users\/1"}],"replies":[{"embeddable":true,"href":"https:\/\/www.muegro-gmbh.de\/index.php?rest_route=%2Fwp%2Fv2%2Fcomments&post=22"}],"version-history":[{"count":25,"href":"https:\/\/www.muegro-gmbh.de\/index.php?rest_route=\/wp\/v2\/pages\/22\/revisions"}],"predecessor-version":[{"id":239,"href":"https:\/\/www.muegro-gmbh.de\/index.php?rest_route=\/wp\/v2\/pages\/22\/revisions\/239"}],"wp:attachment":[{"href":"https:\/\/www.muegro-gmbh.de\/index.php?rest_route=%2Fwp%2Fv2%2Fmedia&parent=22"}],"curies":[{"name":"wp","href":"https:\/\/api.w.org\/{rel}","templated":true}]}}