{"id":20,"date":"2015-02-13T19:56:33","date_gmt":"2015-02-13T18:56:33","guid":{"rendered":"http:\/\/muegro-gmbh.de\/?page_id=20"},"modified":"2016-12-07T20:57:39","modified_gmt":"2016-12-07T19:57:39","slug":"ueber-uns","status":"publish","type":"page","link":"https:\/\/www.muegro-gmbh.de\/?page_id=20","title":{"rendered":"\u00dcber uns"},"content":{"rendered":"<p>Seit der Gr\u00fcndung 1971 sind wir ein Familienunternehmen mit Sitz in Galla bei Ortenburg. Stolz k\u00f6nnen wir nun auf \u00fcber 40 Jahre Erfahrung im Vertrieb von Lebensmitteln und Feinkost zur\u00fcckblicken. Neben Metzgereien und Lebensmittelgesch\u00e4ften versorgen wir auch Gro\u00dfveranstaltungen mit Lebensmitteln und Non Food Artikeln. Unser Kundenkreis befindet sich schwerpunktm\u00e4\u00dfigin in Niederbayern und der Oberpfalz. Die Auslieferung Ihrer Bestellungen erfolgt durch unser Team oder beauftragte Speditionen.<\/p>\n<h3 class=\"widget-title\">Qualit\u00e4t zu fairen Preisen<\/h3>\n<p>Wenn Sie frische und qualitative Produkte suchen, sind Sie bei M\u00fcgro richtig. Unser gro\u00dfes Sortiment an Lebensmitteln, Feinkost, So\u00dfen und Konserven beziehen wir von namhaften Erzeugern und Lieferanten.<\/p>\n<h3 class=\"widget-title\">Pers\u00f6nlicher Kontakt<\/h3>\n<p>Bei uns haben Sie immer den richtigen Ansprechpartner in der Leitung &#8211; schnell und unkompliziert k\u00fcmmert sich die Gesch\u00e4ftsf\u00fchrung pers\u00f6nlich um Ihre Anfragen.<\/p>\n<p>&nbsp;<\/p>\n<h3 class=\"widget-title\">Frische, Qualit\u00e4t, faire Preise sowie Flexibilit\u00e4t und pers\u00f6nlicher Kontakt<\/h3>\n<p>z\u00e4hlen zu unseren St\u00e4rken und tragen wesentlich zum Unternehmenserfolg der M\u00fcgro GmbH bei.<\/p>\n<p>Kontaktieren Sie uns einfach, um mehr \u00fcber uns zu erfahren! <a title=\"Kontakt\" href=\"http:\/\/www.muegro-gmbh.de\/?page_id=24\">Kontakt<\/a><\/p>\n<p><img loading=\"lazy\" decoding=\"async\" class=\"so-widget-image\" style=\"max-width: 100%; height: auto;\" src=\"http:\/\/www.muegro-gmbh.de\/wp-content\/uploads\/Fotolia_52404486_XS.jpg\" width=\"439\" height=\"273\" \/><\/p>\n","protected":false},"excerpt":{"rendered":"<p>Seit der Gr\u00fcndung 1971 sind wir ein Familienunternehmen mit Sitz in Galla bei Ortenburg. Stolz k\u00f6nnen wir nun auf \u00fcber 40 Jahre Erfahrung im Vertrieb von Lebensmitteln und Feinkost zur\u00fcckblicken. Neben Metzgereien und Lebensmittelgesch\u00e4ften versorgen wir auch Gro\u00dfveranstaltungen mit Lebensmitteln und Non Food Artikeln. Unser Kundenkreis befindet sich schwerpunktm\u00e4\u00dfigin in Niederbayern und der Oberpfalz. Die [&hellip;]<\/p>\n","protected":false},"author":1,"featured_media":0,"parent":0,"menu_order":3,"comment_status":"closed","ping_status":"closed","template":"home-panels.php","meta":{"footnotes":""},"class_list":["post-20","page","type-page","status-publish","hentry","post"],"_links":{"self":[{"href":"https:\/\/www.muegro-gmbh.de\/index.php?rest_route=\/wp\/v2\/pages\/20","targetHints":{"allow":["GET"]}}],"collection":[{"href":"https:\/\/www.muegro-gmbh.de\/index.php?rest_route=\/wp\/v2\/pages"}],"about":[{"href":"https:\/\/www.muegro-gmbh.de\/index.php?rest_route=\/wp\/v2\/types\/page"}],"author":[{"embeddable":true,"href":"https:\/\/www.muegro-gmbh.de\/index.php?rest_route=\/wp\/v2\/users\/1"}],"replies":[{"embeddable":true,"href":"https:\/\/www.muegro-gmbh.de\/index.php?rest_route=%2Fwp%2Fv2%2Fcomments&post=20"}],"version-history":[{"count":15,"href":"https:\/\/www.muegro-gmbh.de\/index.php?rest_route=\/wp\/v2\/pages\/20\/revisions"}],"predecessor-version":[{"id":240,"href":"https:\/\/www.muegro-gmbh.de\/index.php?rest_route=\/wp\/v2\/pages\/20\/revisions\/240"}],"wp:attachment":[{"href":"https:\/\/www.muegro-gmbh.de\/index.php?rest_route=%2Fwp%2Fv2%2Fmedia&parent=20"}],"curies":[{"name":"wp","href":"https:\/\/api.w.org\/{rel}","templated":true}]}}